{"id":6306,"date":"2022-03-03T16:43:54","date_gmt":"2022-03-03T15:43:54","guid":{"rendered":"https:\/\/modusfrance.com\/?post_type=product&#038;p=6306"},"modified":"2022-03-23T16:12:07","modified_gmt":"2022-03-23T15:12:07","slug":"forcat-marine-miroir","status":"publish","type":"product","link":"https:\/\/modusfrance.com\/en\/product\/forcat-marine-miroir\/","title":{"rendered":"For\u00e7at Marine Miroir"},"content":{"rendered":"","protected":false},"excerpt":{"rendered":"<p>Chaine au m\u00e9trage, quantit\u00e9 en cm.<\/p>\n","protected":false},"featured_media":6309,"template":"","meta":[],"product_cat":[94,101],"product_tag":[],"aioseo_notices":[],"acf":[],"_links":{"self":[{"href":"https:\/\/modusfrance.com\/en\/wp-json\/wp\/v2\/product\/6306"}],"collection":[{"href":"https:\/\/modusfrance.com\/en\/wp-json\/wp\/v2\/product"}],"about":[{"href":"https:\/\/modusfrance.com\/en\/wp-json\/wp\/v2\/types\/product"}],"wp:featuredmedia":[{"embeddable":true,"href":"https:\/\/modusfrance.com\/en\/wp-json\/wp\/v2\/media\/6309"}],"wp:attachment":[{"href":"https:\/\/modusfrance.com\/en\/wp-json\/wp\/v2\/media?parent=6306"}],"wp:term":[{"taxonomy":"product_cat","embeddable":true,"href":"https:\/\/modusfrance.com\/en\/wp-json\/wp\/v2\/product_cat?post=6306"},{"taxonomy":"product_tag","embeddable":true,"href":"https:\/\/modusfrance.com\/en\/wp-json\/wp\/v2\/product_tag?post=6306"}],"curies":[{"name":"wp","href":"https:\/\/api.w.org\/{rel}","templated":true}]}}