{"id":6265,"date":"2022-03-03T12:18:49","date_gmt":"2022-03-03T11:18:49","guid":{"rendered":"https:\/\/modusfrance.com\/?post_type=product&#038;p=6265"},"modified":"2022-03-22T18:24:35","modified_gmt":"2022-03-22T17:24:35","slug":"forcat-marine-diamantee","status":"publish","type":"product","link":"https:\/\/modusfrance.com\/en\/product\/forcat-marine-diamantee\/","title":{"rendered":"For\u00e7at Marine Diamant\u00e9e"},"content":{"rendered":"","protected":false},"excerpt":{"rendered":"<p>Chaine au m\u00e9trage, quantit\u00e9 en cm.<\/p>\n","protected":false},"featured_media":6836,"template":"","meta":[],"product_cat":[94,101],"product_tag":[],"aioseo_notices":[],"acf":[],"_links":{"self":[{"href":"https:\/\/modusfrance.com\/en\/wp-json\/wp\/v2\/product\/6265"}],"collection":[{"href":"https:\/\/modusfrance.com\/en\/wp-json\/wp\/v2\/product"}],"about":[{"href":"https:\/\/modusfrance.com\/en\/wp-json\/wp\/v2\/types\/product"}],"wp:featuredmedia":[{"embeddable":true,"href":"https:\/\/modusfrance.com\/en\/wp-json\/wp\/v2\/media\/6836"}],"wp:attachment":[{"href":"https:\/\/modusfrance.com\/en\/wp-json\/wp\/v2\/media?parent=6265"}],"wp:term":[{"taxonomy":"product_cat","embeddable":true,"href":"https:\/\/modusfrance.com\/en\/wp-json\/wp\/v2\/product_cat?post=6265"},{"taxonomy":"product_tag","embeddable":true,"href":"https:\/\/modusfrance.com\/en\/wp-json\/wp\/v2\/product_tag?post=6265"}],"curies":[{"name":"wp","href":"https:\/\/api.w.org\/{rel}","templated":true}]}}