{"id":5825,"date":"2022-01-28T12:43:19","date_gmt":"2022-01-28T11:43:19","guid":{"rendered":"https:\/\/modusfrance.com\/?post_type=product&#038;p=5825"},"modified":"2022-01-28T12:43:19","modified_gmt":"2022-01-28T11:43:19","slug":"belieres-triangulaires-bombees","status":"publish","type":"product","link":"https:\/\/modusfrance.com\/en\/product\/belieres-triangulaires-bombees\/","title":{"rendered":"B\u00e9li\u00e8res Triangulaires Bomb\u00e9es"},"content":{"rendered":"","protected":false},"excerpt":{"rendered":"","protected":false},"featured_media":5832,"template":"","meta":[],"product_cat":[94,95],"product_tag":[],"aioseo_notices":[],"acf":[],"_links":{"self":[{"href":"https:\/\/modusfrance.com\/en\/wp-json\/wp\/v2\/product\/5825"}],"collection":[{"href":"https:\/\/modusfrance.com\/en\/wp-json\/wp\/v2\/product"}],"about":[{"href":"https:\/\/modusfrance.com\/en\/wp-json\/wp\/v2\/types\/product"}],"wp:featuredmedia":[{"embeddable":true,"href":"https:\/\/modusfrance.com\/en\/wp-json\/wp\/v2\/media\/5832"}],"wp:attachment":[{"href":"https:\/\/modusfrance.com\/en\/wp-json\/wp\/v2\/media?parent=5825"}],"wp:term":[{"taxonomy":"product_cat","embeddable":true,"href":"https:\/\/modusfrance.com\/en\/wp-json\/wp\/v2\/product_cat?post=5825"},{"taxonomy":"product_tag","embeddable":true,"href":"https:\/\/modusfrance.com\/en\/wp-json\/wp\/v2\/product_tag?post=5825"}],"curies":[{"name":"wp","href":"https:\/\/api.w.org\/{rel}","templated":true}]}}