{"id":4490,"date":"2020-05-07T23:08:07","date_gmt":"2020-05-07T21:08:07","guid":{"rendered":"https:\/\/modusfrance.com\/?post_type=product&#038;p=4490"},"modified":"2020-09-02T12:24:27","modified_gmt":"2020-09-02T10:24:27","slug":"menottes-bombees-anneau-integre","status":"publish","type":"product","link":"https:\/\/modusfrance.com\/en\/product\/menottes-bombees-anneau-integre\/","title":{"rendered":"Menottes Bomb\u00e9es Anneau Int\u00e9gr\u00e9"},"content":{"rendered":"","protected":false},"excerpt":{"rendered":"","protected":false},"featured_media":4453,"template":"","meta":[],"product_cat":[94,98],"product_tag":[],"aioseo_notices":[],"acf":[],"_links":{"self":[{"href":"https:\/\/modusfrance.com\/en\/wp-json\/wp\/v2\/product\/4490"}],"collection":[{"href":"https:\/\/modusfrance.com\/en\/wp-json\/wp\/v2\/product"}],"about":[{"href":"https:\/\/modusfrance.com\/en\/wp-json\/wp\/v2\/types\/product"}],"wp:featuredmedia":[{"embeddable":true,"href":"https:\/\/modusfrance.com\/en\/wp-json\/wp\/v2\/media\/4453"}],"wp:attachment":[{"href":"https:\/\/modusfrance.com\/en\/wp-json\/wp\/v2\/media?parent=4490"}],"wp:term":[{"taxonomy":"product_cat","embeddable":true,"href":"https:\/\/modusfrance.com\/en\/wp-json\/wp\/v2\/product_cat?post=4490"},{"taxonomy":"product_tag","embeddable":true,"href":"https:\/\/modusfrance.com\/en\/wp-json\/wp\/v2\/product_tag?post=4490"}],"curies":[{"name":"wp","href":"https:\/\/api.w.org\/{rel}","templated":true}]}}